{"id":352,"date":"2025-06-06T12:38:34","date_gmt":"2025-06-06T10:38:34","guid":{"rendered":"https:\/\/easy-chef.startweb.sybell.net\/?post_type=product&#038;p=352"},"modified":"2025-06-13T12:21:09","modified_gmt":"2025-06-13T10:21:09","slug":"kuchengebrau","status":"publish","type":"product","link":"https:\/\/easy-chef.startwebs.eu\/de\/termek\/konyhai-koteny\/","title":{"rendered":"K\u00fcchensch\u00fcrze"},"content":{"rendered":"<p data-start=\"547\" data-end=\"604\"><strong data-start=\"547\" data-end=\"604\">Betreten Sie die K\u00fcche mit Selbstvertrauen - in einer EasyChef-Sch\u00fcrze!<\/strong><\/p>\n<p data-start=\"606\" data-end=\"832\">Egal, ob Sie gerade erst anfangen oder schon abenteuerliche Versuche hinter sich haben, eines ist sicher: Eine gute Sch\u00fcrze ist Gold wert. Die EasyChef-Sch\u00fcrze wurde speziell f\u00fcr Anf\u00e4nger entworfen - mit einem verstellbaren Band, einer bequemen Passform und einem zeitlosen Stoff.<\/p>\n<p data-start=\"834\" data-end=\"1161\"><strong data-start=\"834\" data-end=\"859\">Warum werden Sie es lieben?<\/strong><br data-start=\"859\" data-end=\"862\" \/>\u2714\ufe0f Sch\u00fctzt Ihre Kleidung vor So\u00dfen, Mehlflecken und Unf\u00e4llen<br data-start=\"924\" data-end=\"927\" \/>\u2714\ufe0f Gro\u00dfe Auswahl an Gr\u00f6\u00dfen (S, M, L, XL) - kein H\u00e4ngenbleiben, kein Quetschen<br data-start=\"987\" data-end=\"990\" \/>\u2714\ufe0f Leicht zu reinigen, maschinenwaschbar<br data-start=\"1032\" data-end=\"1035\" \/>\u2714\ufe0f Elegantes, klares Design - perfekt als Geschenk<br data-start=\"1096\" data-end=\"1099\" \/>\u2714\ufe0f Motivierendes Gef\u00fchl: Wenn man es in die Hand nimmt, wei\u00df man, dass man kochen wird<\/p>\n<p data-start=\"1163\" data-end=\"1322\">Es ist mehr als eine Sch\u00fcrze. Es ist ein kleines Ritual, um kochen zu lernen. Nehmen Sie sie in die Hand und f\u00fchlen Sie sich wie ein echter Koch - auch wenn Sie gerade erst mit dieser Reise beginnen!<\/p>","protected":false},"excerpt":{"rendered":"<p><strong data-start=\"267\" data-end=\"300\">EasyChef Sch\u00fcrze - S bis XL<\/strong><br data-start=\"300\" data-end=\"303\" \/>Kochen Sie mit Stil! Diese bequeme, verstellbare Sch\u00fcrze sch\u00fctzt Sie nicht nur vor Spritzern, sondern tr\u00e4gt auch dazu bei, dass Sie sich in der K\u00fcche wie zu Hause f\u00fchlen. In verschiedenen Gr\u00f6\u00dfen, damit sie Ihnen auch wirklich passt!<\/p>","protected":false},"featured_media":357,"template":"","meta":{"site-sidebar-layout":"default","site-content-layout":"","ast-site-content-layout":"default","site-content-style":"default","site-sidebar-style":"default","ast-global-header-display":"","ast-banner-title-visibility":"","ast-main-header-display":"","ast-hfb-above-header-display":"","ast-hfb-below-header-display":"","ast-hfb-mobile-header-display":"","site-post-title":"","ast-breadcrumbs-content":"","ast-featured-img":"","footer-sml-layout":"","theme-transparent-header-meta":"default","adv-header-id-meta":"","stick-header-meta":"","header-above-stick-meta":"","header-main-stick-meta":"","header-below-stick-meta":"","astra-migrate-meta-layouts":"set","ast-page-background-enabled":"default","ast-page-background-meta":{"desktop":{"background-color":"var(--ast-global-color-5)","background-image":"","background-repeat":"repeat","background-position":"center center","background-size":"auto","background-attachment":"scroll","background-type":"","background-media":"","overlay-type":"","overlay-color":"","overlay-opacity":"","overlay-gradient":""},"tablet":{"background-color":"","background-image":"","background-repeat":"repeat","background-position":"center center","background-size":"auto","background-attachment":"scroll","background-type":"","background-media":"","overlay-type":"","overlay-color":"","overlay-opacity":"","overlay-gradient":""},"mobile":{"background-color":"","background-image":"","background-repeat":"repeat","background-position":"center center","background-size":"auto","background-attachment":"scroll","background-type":"","background-media":"","overlay-type":"","overlay-color":"","overlay-opacity":"","overlay-gradient":""}},"ast-content-background-meta":{"desktop":{"background-color":"var(--ast-global-color-4)","background-image":"","background-repeat":"repeat","background-position":"center center","background-size":"auto","background-attachment":"scroll","background-type":"","background-media":"","overlay-type":"","overlay-color":"","overlay-opacity":"","overlay-gradient":""},"tablet":{"background-color":"var(--ast-global-color-4)","background-image":"","background-repeat":"repeat","background-position":"center center","background-size":"auto","background-attachment":"scroll","background-type":"","background-media":"","overlay-type":"","overlay-color":"","overlay-opacity":"","overlay-gradient":""},"mobile":{"background-color":"var(--ast-global-color-4)","background-image":"","background-repeat":"repeat","background-position":"center center","background-size":"auto","background-attachment":"scroll","background-type":"","background-media":"","overlay-type":"","overlay-color":"","overlay-opacity":"","overlay-gradient":""}}},"product_brand":[],"product_cat":[19],"product_tag":[],"class_list":{"0":"post-352","1":"product","2":"type-product","3":"status-publish","4":"has-post-thumbnail","6":"product_cat-egyeb","7":"desktop-align-left","8":"tablet-align-left","9":"mobile-align-left","10":"ast-product-gallery-layout-horizontal-slider","11":"ast-product-gallery-with-no-image","12":"ast-product-single-variable","13":"ast-product-tabs-layout-horizontal","15":"first","16":"instock","17":"shipping-taxable","18":"purchasable","19":"product-type-variable"},"_links":{"self":[{"href":"https:\/\/easy-chef.startwebs.eu\/de\/wp-json\/wp\/v2\/product\/352","targetHints":{"allow":["GET"]}}],"collection":[{"href":"https:\/\/easy-chef.startwebs.eu\/de\/wp-json\/wp\/v2\/product"}],"about":[{"href":"https:\/\/easy-chef.startwebs.eu\/de\/wp-json\/wp\/v2\/types\/product"}],"wp:featuredmedia":[{"embeddable":true,"href":"https:\/\/easy-chef.startwebs.eu\/de\/wp-json\/wp\/v2\/media\/357"}],"wp:attachment":[{"href":"https:\/\/easy-chef.startwebs.eu\/de\/wp-json\/wp\/v2\/media?parent=352"}],"wp:term":[{"taxonomy":"product_brand","embeddable":true,"href":"https:\/\/easy-chef.startwebs.eu\/de\/wp-json\/wp\/v2\/product_brand?post=352"},{"taxonomy":"product_cat","embeddable":true,"href":"https:\/\/easy-chef.startwebs.eu\/de\/wp-json\/wp\/v2\/product_cat?post=352"},{"taxonomy":"product_tag","embeddable":true,"href":"https:\/\/easy-chef.startwebs.eu\/de\/wp-json\/wp\/v2\/product_tag?post=352"}],"curies":[{"name":"wp","href":"https:\/\/api.w.org\/{rel}","templated":true}]}}