{"id":340,"date":"2025-06-05T13:46:52","date_gmt":"2025-06-05T11:46:52","guid":{"rendered":"https:\/\/easy-chef.startweb.sybell.net\/?post_type=product&#038;p=340"},"modified":"2025-06-06T12:53:16","modified_gmt":"2025-06-06T10:53:16","slug":"ebene-in-der-kuche-ist-der-eigentliche-fluss","status":"publish","type":"product","link":"https:\/\/easy-chef.startwebs.eu\/de\/termek\/szintet-lepnel-a-konyhaban-most-jon-az-igazi-flow\/","title":{"rendered":"Kochkurs f\u00fcr Fortgeschrittene"},"content":{"rendered":"<h3 data-start=\"754\" data-end=\"795\">\u00a0W\u00fcrden Sie in der K\u00fcche eine Stufe h\u00f6her gehen?<\/h3>\n<h3 data-start=\"754\" data-end=\"795\">Jetzt der eigentliche Fluss!\ud83c\udfaf <strong data-start=\"761\" data-end=\"795\">Was bekommen Sie im Programm f\u00fcr Fortgeschrittene?<\/strong><\/h3>\n<p data-start=\"797\" data-end=\"914\">Wir gehen noch einen Schritt weiter: Sie erhalten nicht nur Rezepte, sondern auch <strong data-start=\"858\" data-end=\"871\">System<\/strong>, <strong data-start=\"873\" data-end=\"886\">Geschmackssinn<\/strong> und <strong data-start=\"890\" data-end=\"910\">Zeitmanagement<\/strong> ist.<\/p>\n<h4 data-start=\"916\" data-end=\"933\"><strong data-start=\"921\" data-end=\"933\">Module:<\/strong><\/h4>\n<p data-start=\"935\" data-end=\"1069\">\ud83c\udf7d <strong data-start=\"938\" data-end=\"977\">Modul 1 - Gestaltung des Hauptmen\u00fcs<\/strong><br data-start=\"977\" data-end=\"980\" \/>Wie kann man vorausschauend denken, Zeit und Geld sparen - und gleichzeitig die ganze Woche \u00fcber abwechslungsreich essen?<\/p>\n<p data-start=\"1071\" data-end=\"1251\">\ud83c\udf36 <strong data-start=\"1074\" data-end=\"1115\">Modul 2 - Gew\u00fcrz- und Geschmackskombinationen<\/strong><br data-start=\"1115\" data-end=\"1118\" \/>Nach den Grundlagen geht es um die Aromen! Sie lernen, was Sie mit was kombinieren k\u00f6nnen, was in einem Gericht fehlt und wie Sie zu Hause ein \"Restaurantgef\u00fchl\" erzeugen k\u00f6nnen.<\/p>\n<p data-start=\"1253\" data-end=\"1379\">\ud83c\udf5b <strong data-start=\"1256\" data-end=\"1288\">Modul 3 - Schwankungen bei den Rohstoffen<\/strong><br data-start=\"1288\" data-end=\"1291\" \/>1 Zutat = 3 Gerichte? Wir zeigen Ihnen, wie Sie kreativ mixen und kombinieren k\u00f6nnen, was Sie im K\u00fchlschrank haben.<\/p>\n<p data-start=\"1381\" data-end=\"1486\">\ud83d\udd25 <strong data-start=\"1384\" data-end=\"1425\">Modul 4 - Einbeinige Mahlzeiten f\u00fcr Fortgeschrittene<\/strong><br data-start=\"1425\" data-end=\"1428\" \/>Schnell, s\u00e4ttigend und beeindruckend - mit minimalem Abwasch.<\/p>\n<p data-start=\"1488\" data-end=\"1605\">\ud83d\udca1 <strong data-start=\"1491\" data-end=\"1522\">Modul 5 - Ihr eigener Stil<\/strong><br data-start=\"1522\" data-end=\"1525\" \/>Sie werden nicht nur folgen, sondern auch erfinden. Hier beginnt die wahre Autonomie des Kochens.<\/p>\n<hr data-start=\"1607\" data-end=\"1610\" \/>\n<h3 data-start=\"1612\" data-end=\"1638\">\u2705 <strong data-start=\"1618\" data-end=\"1638\">Der Kurs, wenn...<\/strong><\/h3>\n<ul data-start=\"1639\" data-end=\"1930\">\n<li data-start=\"1639\" data-end=\"1704\">\n<p data-start=\"1641\" data-end=\"1704\">Sie haben keine Angst mehr vor dem Kochen, aber Sie wollen es <em data-start=\"1683\" data-end=\"1701\">besser, darin zu sein<\/em>,<\/p>\n<\/li>\n<li data-start=\"1705\" data-end=\"1784\">\n<p data-start=\"1707\" data-end=\"1784\">f\u00fcr sich selbst und f\u00fcr andere <strong data-start=\"1741\" data-end=\"1771\">abwechslungsreiches, leckeres Essen<\/strong> zu machen,<\/p>\n<\/li>\n<li data-start=\"1785\" data-end=\"1854\">\n<p data-start=\"1787\" data-end=\"1854\"><strong data-start=\"1787\" data-end=\"1817\">zeit- und energiesparend<\/strong> Sie wollen in der K\u00fcche denken,<\/p>\n<\/li>\n<li data-start=\"1855\" data-end=\"1930\">\n<p data-start=\"1857\" data-end=\"1930\">wichtig f\u00fcr <strong data-start=\"1866\" data-end=\"1892\">gute Nutzung von Rohstoffen<\/strong>, Geschmacksharmonie und ein wenig Kreativit\u00e4t.<\/p>\n<\/li>\n<\/ul>\n<hr data-start=\"1932\" data-end=\"1935\" \/>\n<p data-start=\"1937\" data-end=\"2027\">\ud83c\udf81 <strong data-start=\"1940\" data-end=\"1969\">Bonusvorlage zum Herunterladen:<\/strong><br data-start=\"1969\" data-end=\"1972\" \/>Wochenmen\u00fcplan-Vorlage f\u00fcr Fortgeschrittene, mit austauschbaren Gerichten.<\/p>\n<hr data-start=\"2029\" data-end=\"2032\" \/>\n<p data-start=\"2034\" data-end=\"2142\"><strong data-start=\"2034\" data-end=\"2074\">\ud83d\udcb8 Preis: 14.900 Ft - unbefristeter Zugang<\/strong><br data-start=\"2074\" data-end=\"2077\" \/>\ud83d\udce9 Zugang per E-Mail, Sie k\u00f6nnen jedes Modul in Ihrem eigenen Tempo absolvieren.<\/p>\n<hr data-start=\"2144\" data-end=\"2147\" \/>\n<p data-start=\"2149\" data-end=\"2321\">\ud83d\ude80 <strong data-start=\"2152\" data-end=\"2170\">Jetzt sind Sie dran!<\/strong><br data-start=\"2170\" data-end=\"2173\" \/>Legen Sie es in den Korb und zeigen Sie, dass Sie nicht nur kochen lernen, sondern dass es Ihnen auch Spa\u00df macht!<br data-start=\"2268\" data-end=\"2271\" \/>\u27a1\ufe0f <em data-start=\"2274\" data-end=\"2292\">\"In den Warenkorb\"<\/em> und die n\u00e4chste Stufe zu erreichen.<\/p>","protected":false},"excerpt":{"rendered":"<p data-start=\"390\" data-end=\"460\"><strong data-start=\"390\" data-end=\"460\">EasyChef Fortgeschrittenenkurs - Smart, schnell und kreativ kochen zu Hause<\/strong><\/p>\n<p data-start=\"462\" data-end=\"613\">Sie haben keine Angst mehr vor dem Kochen, aber Sie wollen es <strong data-start=\"501\" data-end=\"551\">schneller, abwechslungsreicher und sicherer<\/strong> sich in der K\u00fcche zu bewegen? Dieser Kurs <strong data-start=\"588\" data-end=\"610\">der n\u00e4chste Schritt<\/strong>.<\/p>\n<p data-start=\"615\" data-end=\"747\">Sie k\u00f6nnen sich hier informieren, <strong data-start=\"631\" data-end=\"660\">wie Sie Ihr Wochenmen\u00fc planen<\/strong>kombinieren Sie Aromen kreativ und kochen Sie wie eine Person, <strong data-start=\"706\" data-end=\"747\">als ob er immer w\u00fcsste, was er tut.<\/strong><\/p>","protected":false},"featured_media":361,"template":"","meta":{"site-sidebar-layout":"default","site-content-layout":"","ast-site-content-layout":"default","site-content-style":"default","site-sidebar-style":"default","ast-global-header-display":"","ast-banner-title-visibility":"","ast-main-header-display":"","ast-hfb-above-header-display":"","ast-hfb-below-header-display":"","ast-hfb-mobile-header-display":"","site-post-title":"","ast-breadcrumbs-content":"","ast-featured-img":"","footer-sml-layout":"","theme-transparent-header-meta":"default","adv-header-id-meta":"","stick-header-meta":"","header-above-stick-meta":"","header-main-stick-meta":"","header-below-stick-meta":"","astra-migrate-meta-layouts":"set","ast-page-background-enabled":"default","ast-page-background-meta":{"desktop":{"background-color":"var(--ast-global-color-5)","background-image":"","background-repeat":"repeat","background-position":"center center","background-size":"auto","background-attachment":"scroll","background-type":"","background-media":"","overlay-type":"","overlay-color":"","overlay-opacity":"","overlay-gradient":""},"tablet":{"background-color":"","background-image":"","background-repeat":"repeat","background-position":"center center","background-size":"auto","background-attachment":"scroll","background-type":"","background-media":"","overlay-type":"","overlay-color":"","overlay-opacity":"","overlay-gradient":""},"mobile":{"background-color":"","background-image":"","background-repeat":"repeat","background-position":"center center","background-size":"auto","background-attachment":"scroll","background-type":"","background-media":"","overlay-type":"","overlay-color":"","overlay-opacity":"","overlay-gradient":""}},"ast-content-background-meta":{"desktop":{"background-color":"var(--ast-global-color-4)","background-image":"","background-repeat":"repeat","background-position":"center center","background-size":"auto","background-attachment":"scroll","background-type":"","background-media":"","overlay-type":"","overlay-color":"","overlay-opacity":"","overlay-gradient":""},"tablet":{"background-color":"var(--ast-global-color-4)","background-image":"","background-repeat":"repeat","background-position":"center center","background-size":"auto","background-attachment":"scroll","background-type":"","background-media":"","overlay-type":"","overlay-color":"","overlay-opacity":"","overlay-gradient":""},"mobile":{"background-color":"var(--ast-global-color-4)","background-image":"","background-repeat":"repeat","background-position":"center center","background-size":"auto","background-attachment":"scroll","background-type":"","background-media":"","overlay-type":"","overlay-color":"","overlay-opacity":"","overlay-gradient":""}}},"product_brand":[],"product_cat":[23],"product_tag":[],"class_list":{"0":"post-340","1":"product","2":"type-product","3":"status-publish","4":"has-post-thumbnail","6":"product_cat-tanfolyamok","7":"desktop-align-left","8":"tablet-align-left","9":"mobile-align-left","10":"ast-product-gallery-layout-horizontal-slider","11":"ast-product-gallery-with-no-image","12":"ast-product-tabs-layout-horizontal","14":"first","15":"instock","16":"virtual","17":"purchasable","18":"product-type-simple"},"_links":{"self":[{"href":"https:\/\/easy-chef.startwebs.eu\/de\/wp-json\/wp\/v2\/product\/340","targetHints":{"allow":["GET"]}}],"collection":[{"href":"https:\/\/easy-chef.startwebs.eu\/de\/wp-json\/wp\/v2\/product"}],"about":[{"href":"https:\/\/easy-chef.startwebs.eu\/de\/wp-json\/wp\/v2\/types\/product"}],"wp:featuredmedia":[{"embeddable":true,"href":"https:\/\/easy-chef.startwebs.eu\/de\/wp-json\/wp\/v2\/media\/361"}],"wp:attachment":[{"href":"https:\/\/easy-chef.startwebs.eu\/de\/wp-json\/wp\/v2\/media?parent=340"}],"wp:term":[{"taxonomy":"product_brand","embeddable":true,"href":"https:\/\/easy-chef.startwebs.eu\/de\/wp-json\/wp\/v2\/product_brand?post=340"},{"taxonomy":"product_cat","embeddable":true,"href":"https:\/\/easy-chef.startwebs.eu\/de\/wp-json\/wp\/v2\/product_cat?post=340"},{"taxonomy":"product_tag","embeddable":true,"href":"https:\/\/easy-chef.startwebs.eu\/de\/wp-json\/wp\/v2\/product_tag?post=340"}],"curies":[{"name":"wp","href":"https:\/\/api.w.org\/{rel}","templated":true}]}}